{"id":2229,"date":"2022-05-18T11:07:57","date_gmt":"2022-05-18T11:07:57","guid":{"rendered":"https:\/\/cin-antologia.com\/condicoes-gerais-de-venda\/"},"modified":"2022-07-27T11:02:49","modified_gmt":"2022-07-27T11:02:49","slug":"general-terms-and-conditions-of-sale","status":"publish","type":"page","link":"https:\/\/www.cin-antologia.com\/en\/general-terms-and-conditions-of-sale\/","title":{"rendered":"General Terms and Conditions of Sale"},"content":{"rendered":"\r\n<p class=\"p1\"><strong><span class=\"s1\">Scope<\/span><\/strong><\/p>\r\n<p class=\"p1\"><span class=\"s1\">The customer is aware that these general terms and conditions of sale apply to all commercial transactions, cancelling those previously established, and it explicitly and irrevocably states that it has received them on this date, accepts them and undertakes to comply with them.<\/span><\/p>\r\n<p class=\"p1\"><span class=\"s1\">The validity of any exceptional circumstances or additional clauses requires the written approval of CIN, considering usual practices as mere tolerance and not the rescission of these general terms and conditions.<\/span><\/p>\r\n<p class=\"p1\"><strong><span class=\"s1\">Products<\/span><\/strong><\/p>\r\n<p class=\"p1\"><span class=\"s1\">CIN guarantees that its products conform to the technical specifications and recommended uses established in the respective technical guide; their use, therefore, shall be in strict compliance with the same.<\/span><\/p>\r\n<p class=\"p1\"><span class=\"s1\">Moreover, pursuant to Directives 1999\/13\/EC and 2004\/42\/EC, specific mention is made of the fact that products identified with the V marking can only be used without restrictions in activities undertaken in registered and authorised facilities. Their use in small-sized facilities is limited to coatings that do not concern any building components.<\/span><\/p>\r\n<p class=\"p1\"><span class=\"s1\">Hence, CIN is not liable for deficient or illegal use of the products beyond that stated in the preceding paragraphs, with the customer being solely liable for the results or consequences of such use.<\/span><\/p>\r\n<p class=\"p1\"><strong><span class=\"s1\">Prices and payment terms<\/span><\/strong><\/p>\r\n<p class=\"p1\"><span class=\"s1\">The supplies shall be invoiced in accordance with the prices stated on the Price List in force on the billing date.<\/span><\/p>\r\n<p class=\"p1\"><span class=\"s1\">The prices are adjustable at any time without prior notice being required.<\/span><\/p>\r\n<p class=\"p1\"><span class=\"s1\">Unless otherwise expressly agreed, payments shall be made at the offices of CIN according to the conditions previously established between the parties.<\/span><\/p>\r\n<p class=\"p1\"><span class=\"s1\">Supplies on credit depend on the request for opening a current accounts and its approval by CIN. If approved, the customer will be provided a credit limit, which may change according to the monthly volume of purchases and payment methods.<\/span><\/p>\r\n<p class=\"p1\"><span class=\"s1\">Failure to pay within the established period or payment made by cheque without sufficient funds will result in the immediate, temporary or permanent suspension of other supplies on credit, as well as the immediate maturity of all remaining outstanding credit granted the customer, without prejudice to the right to charge interest at the applicable statutory rate and obtain collection by the competent legal means.<\/span><\/p>\r\n<p class=\"p1\"><span class=\"s1\">In the event of late payment and well-founded fears regarding the customer\u2019s solvency and credibility, CIN has the right to require additional guarantees or advance payments on supplies not yet matured.<\/span><\/p>\r\n<p class=\"p1\"><span class=\"s1\">The sporadic acceptance of the late settlement of one or more payments does not imply any modification to these general terms and conditions of sale or to the credit and payment terms assigned to the respective customer.<\/span><\/p>\r\n<p class=\"p1\"><span class=\"s1\">Ownership of the products is reserved for CIN until full payment of the same, pursuant to article 409 of the Civil Code.<\/span><\/p>\r\n<p class=\"p1\"><strong><span class=\"s1\">Orders and Deliveries<\/span><\/strong><\/p>\r\n<p class=\"p1\"><span class=\"s1\">Product orders are only valid after formally approved by CIN, S.A. and their handling is governed by the provisions of the Rules for Handling Orders and Distribution Plan, available in the customer area of the CIN website www.cin.pt or on request from the company\u2019s Customer Service.<\/span><\/p>\r\n<p class=\"p1\"><span class=\"s1\">Reception of order<\/span><\/p>\r\n<p class=\"p1\"><span class=\"s1\">At delivery, the customer shall examine the order to ensure it is in conformity with the relevant order and the consignment note. Silence is deemed to mean the tacit receipt and acceptance of the order.<\/span><\/p>\r\n<p class=\"p1\"><span class=\"s1\">The customer must sign the relevant consignment note, as proof of the referred conformity. The third copy of that note will be handed to the carrier or immediately returned to CIN.<\/span><\/p>\r\n<p class=\"p1\"><strong><span class=\"s1\">Complaints<\/span><\/strong><\/p>\r\n<p class=\"p1\"><span class=\"s1\">The application and use of CIN\u2019s products is beyond its control, therefore the responsibility inherent in such use and application solely falls to the purchaser.<\/span><\/p>\r\n<p class=\"p1\"><span class=\"s1\">The technical advice provided by CIN before or after delivery of the products is solely indicative, provided in good faith and it comprises its best knowledge given the current state of the art, which is why the products should be tested and under no circumstances may CIN be held liable for their use.<\/span><\/p>\r\n<p class=\"p1\"><span class=\"s1\">Complaints made in writing and within 10 days of their discovery will only be accepted for manufacturing defects or nonconformities with the order note. No complaint will be accepted unless the customer\u2019s obligations concerning the receipt of orders are proven to have been complied with and if the supply documents are not stated.<\/span><\/p>\r\n<p class=\"p1\"><span class=\"s1\">The only obligation of CIN will be, respectively, to replace or refund the amount already paid for the goods that are acknowledged as being defective or the replacement of the order. It does not accept liability for any other losses and damages.<\/span><\/p>\r\n<p class=\"p1\"><strong><span class=\"s1\">Returned goods<\/span><\/strong><\/p>\r\n<p class=\"p1\"><span class=\"s1\">Returned goods will only be permitted in the event of a complaint where CIN agrees with the customer. The returning of goods always requires CIN\u2019s prior written consent, and should always be accompanied by the relevant return note with reference to the product and quantity in question as well as the document number that served as the basis for the supply.<\/span><\/p>\r\n<p class=\"p1\"><strong><span class=\"s1\">Validity<\/span><\/strong><\/p>\r\n<p class=\"p1\"><span class=\"s1\">The total or partial invalidity of any of the conditions set out in these general terms and conditions of sale shall not affect the full validity of the remaining provisions.<\/span><\/p>\r\n<p class=\"p1\"><strong><span class=\"s1\">Jurisdiction<\/span><\/strong><\/p>\r\n<p class=\"p1\"><span class=\"s1\">For the judgement and appraisal of all the issues arising from these general terms and conditions of sale, including validity, interpretation and implementation, the courts of Maia Judicial District have jurisdiction, with all others expressly waived unless legally required.<\/span><\/p>\r\n<p class=\"p1\"><span class=\"s1\">In case of dispute, Consumer may resort to one of the following Alternative Resolution of Consumer Disputes Entities: Centros de Informa\u00e7\u00e3o e Arbitragem de Conflitos de Consumo do Vale do Ave; Vale do C\u00e1vado; Porto; Coimbra; Lisboa; Algarve or Nacional (email <a href=\"mailto:geral@cniacc.pt\">geral@cniacc.pt<\/a>) whose contacts are available at <a href=\"http:\/\/www.cniacc.pt\" target=\"_blank\" rel=\"noopener\">www.cniacc.pt<\/a> or by calling <a href=\"tel:+351 213 564 650\" target=\"_blank\" rel=\"noopener\">+351 213 564 650<\/a>.<\/span><\/p>\r\n","protected":false},"excerpt":{"rendered":"<p>Scope The customer is aware that these general terms and conditions of sale apply to all commercial transactions, cancelling those previously established, and it explicitly and irrevocably states that it has received them on this date, accepts them and undertakes to comply with them. The validity of any exceptional circumstances or additional clauses requires the [&hellip;]<\/p>\n","protected":false},"author":4,"featured_media":0,"parent":0,"menu_order":8,"comment_status":"closed","ping_status":"closed","template":"","meta":{"_acf_changed":false,"_relevanssi_hide_post":"","_relevanssi_hide_content":"","_relevanssi_pin_for_all":"","_relevanssi_pin_keywords":"","_relevanssi_unpin_keywords":"","_relevanssi_related_keywords":"","_relevanssi_related_include_ids":"","_relevanssi_related_exclude_ids":"","_relevanssi_related_no_append":"","_relevanssi_related_not_related":"","_relevanssi_related_posts":"","_relevanssi_noindex_reason":"","inline_featured_image":false,"footnotes":""},"class_list":["post-2229","page","type-page","status-publish","hentry"],"acf":[],"yoast_head":"<!-- This site is optimized with the Yoast SEO plugin v25.3 - https:\/\/yoast.com\/wordpress\/plugins\/seo\/ -->\n<title>CIN Antologia | General Terms and Conditions of Sale<\/title>\n<meta name=\"robots\" content=\"index, follow, max-snippet:-1, max-image-preview:large, max-video-preview:-1\" \/>\n<link rel=\"canonical\" href=\"https:\/\/www.cin-antologia.com\/en\/general-terms-and-conditions-of-sale\/\" \/>\n<meta property=\"og:locale\" content=\"en_US\" \/>\n<meta property=\"og:type\" content=\"article\" \/>\n<meta property=\"og:title\" content=\"CIN Antologia | General Terms and Conditions of Sale\" \/>\n<meta property=\"og:description\" content=\"Scope The customer is aware that these general terms and conditions of sale apply to all commercial transactions, cancelling those previously established, and it explicitly and irrevocably states that it has received them on this date, accepts them and undertakes to comply with them. The validity of any exceptional circumstances or additional clauses requires the [&hellip;]\" \/>\n<meta property=\"og:url\" content=\"https:\/\/www.cin-antologia.com\/en\/general-terms-and-conditions-of-sale\/\" \/>\n<meta property=\"og:site_name\" content=\"CIN Antologia\" \/>\n<meta property=\"article:modified_time\" content=\"2022-07-27T11:02:49+00:00\" \/>\n<meta name=\"twitter:card\" content=\"summary_large_image\" \/>\n<meta name=\"twitter:label1\" content=\"Est. reading time\" \/>\n\t<meta name=\"twitter:data1\" content=\"6 minutes\" \/>\n<script type=\"application\/ld+json\" class=\"yoast-schema-graph\">{\"@context\":\"https:\/\/schema.org\",\"@graph\":[{\"@type\":\"WebPage\",\"@id\":\"https:\/\/www.cin-antologia.com\/en\/general-terms-and-conditions-of-sale\/\",\"url\":\"https:\/\/www.cin-antologia.com\/en\/general-terms-and-conditions-of-sale\/\",\"name\":\"CIN Antologia | General Terms and Conditions of Sale\",\"isPartOf\":{\"@id\":\"https:\/\/www.cin-antologia.com\/en\/#website\"},\"datePublished\":\"2022-05-18T11:07:57+00:00\",\"dateModified\":\"2022-07-27T11:02:49+00:00\",\"breadcrumb\":{\"@id\":\"https:\/\/www.cin-antologia.com\/en\/general-terms-and-conditions-of-sale\/#breadcrumb\"},\"inLanguage\":\"en-US\",\"potentialAction\":[{\"@type\":\"ReadAction\",\"target\":[\"https:\/\/www.cin-antologia.com\/en\/general-terms-and-conditions-of-sale\/\"]}]},{\"@type\":\"BreadcrumbList\",\"@id\":\"https:\/\/www.cin-antologia.com\/en\/general-terms-and-conditions-of-sale\/#breadcrumb\",\"itemListElement\":[{\"@type\":\"ListItem\",\"position\":1,\"name\":\"In\u00edcio\",\"item\":\"https:\/\/www.cin-antologia.com\/en\/\"},{\"@type\":\"ListItem\",\"position\":2,\"name\":\"General Terms and Conditions of Sale\"}]},{\"@type\":\"WebSite\",\"@id\":\"https:\/\/www.cin-antologia.com\/en\/#website\",\"url\":\"https:\/\/www.cin-antologia.com\/en\/\",\"name\":\"CIN Antologia\",\"description\":\"\",\"potentialAction\":[{\"@type\":\"SearchAction\",\"target\":{\"@type\":\"EntryPoint\",\"urlTemplate\":\"https:\/\/www.cin-antologia.com\/en\/?s={search_term_string}\"},\"query-input\":{\"@type\":\"PropertyValueSpecification\",\"valueRequired\":true,\"valueName\":\"search_term_string\"}}],\"inLanguage\":\"en-US\"}]}<\/script>\n<!-- \/ Yoast SEO plugin. -->","yoast_head_json":{"title":"CIN Antologia | General Terms and Conditions of Sale","robots":{"index":"index","follow":"follow","max-snippet":"max-snippet:-1","max-image-preview":"max-image-preview:large","max-video-preview":"max-video-preview:-1"},"canonical":"https:\/\/www.cin-antologia.com\/en\/general-terms-and-conditions-of-sale\/","og_locale":"en_US","og_type":"article","og_title":"CIN Antologia | General Terms and Conditions of Sale","og_description":"Scope The customer is aware that these general terms and conditions of sale apply to all commercial transactions, cancelling those previously established, and it explicitly and irrevocably states that it has received them on this date, accepts them and undertakes to comply with them. The validity of any exceptional circumstances or additional clauses requires the [&hellip;]","og_url":"https:\/\/www.cin-antologia.com\/en\/general-terms-and-conditions-of-sale\/","og_site_name":"CIN Antologia","article_modified_time":"2022-07-27T11:02:49+00:00","twitter_card":"summary_large_image","twitter_misc":{"Est. reading time":"6 minutes"},"schema":{"@context":"https:\/\/schema.org","@graph":[{"@type":"WebPage","@id":"https:\/\/www.cin-antologia.com\/en\/general-terms-and-conditions-of-sale\/","url":"https:\/\/www.cin-antologia.com\/en\/general-terms-and-conditions-of-sale\/","name":"CIN Antologia | General Terms and Conditions of Sale","isPartOf":{"@id":"https:\/\/www.cin-antologia.com\/en\/#website"},"datePublished":"2022-05-18T11:07:57+00:00","dateModified":"2022-07-27T11:02:49+00:00","breadcrumb":{"@id":"https:\/\/www.cin-antologia.com\/en\/general-terms-and-conditions-of-sale\/#breadcrumb"},"inLanguage":"en-US","potentialAction":[{"@type":"ReadAction","target":["https:\/\/www.cin-antologia.com\/en\/general-terms-and-conditions-of-sale\/"]}]},{"@type":"BreadcrumbList","@id":"https:\/\/www.cin-antologia.com\/en\/general-terms-and-conditions-of-sale\/#breadcrumb","itemListElement":[{"@type":"ListItem","position":1,"name":"In\u00edcio","item":"https:\/\/www.cin-antologia.com\/en\/"},{"@type":"ListItem","position":2,"name":"General Terms and Conditions of Sale"}]},{"@type":"WebSite","@id":"https:\/\/www.cin-antologia.com\/en\/#website","url":"https:\/\/www.cin-antologia.com\/en\/","name":"CIN Antologia","description":"","potentialAction":[{"@type":"SearchAction","target":{"@type":"EntryPoint","urlTemplate":"https:\/\/www.cin-antologia.com\/en\/?s={search_term_string}"},"query-input":{"@type":"PropertyValueSpecification","valueRequired":true,"valueName":"search_term_string"}}],"inLanguage":"en-US"}]}},"_links":{"self":[{"href":"https:\/\/www.cin-antologia.com\/en\/wp-json\/wp\/v2\/pages\/2229","targetHints":{"allow":["GET"]}}],"collection":[{"href":"https:\/\/www.cin-antologia.com\/en\/wp-json\/wp\/v2\/pages"}],"about":[{"href":"https:\/\/www.cin-antologia.com\/en\/wp-json\/wp\/v2\/types\/page"}],"author":[{"embeddable":true,"href":"https:\/\/www.cin-antologia.com\/en\/wp-json\/wp\/v2\/users\/4"}],"replies":[{"embeddable":true,"href":"https:\/\/www.cin-antologia.com\/en\/wp-json\/wp\/v2\/comments?post=2229"}],"version-history":[{"count":1,"href":"https:\/\/www.cin-antologia.com\/en\/wp-json\/wp\/v2\/pages\/2229\/revisions"}],"predecessor-version":[{"id":4060,"href":"https:\/\/www.cin-antologia.com\/en\/wp-json\/wp\/v2\/pages\/2229\/revisions\/4060"}],"wp:attachment":[{"href":"https:\/\/www.cin-antologia.com\/en\/wp-json\/wp\/v2\/media?parent=2229"}],"curies":[{"name":"wp","href":"https:\/\/api.w.org\/{rel}","templated":true}]}}